{"id":1089,"date":"2026-02-03T16:49:36","date_gmt":"2026-02-03T16:49:36","guid":{"rendered":"https:\/\/movilconsulting.com\/?page_id=1089"},"modified":"2026-02-03T20:23:52","modified_gmt":"2026-02-03T20:23:52","slug":"aviso-legal","status":"publish","type":"page","link":"https:\/\/movilconsulting.com\/index.php\/aviso-legal","title":{"rendered":"Aviso legal"},"content":{"rendered":"\n<h3 class=\"wp-block-heading has-medium-font-size\"><strong>1. INFORMACI\u00d3N IDENTIFICATIVA<\/strong> <\/h3>\n\n\n\n<div class=\"wp-block-stackable-text stk-block-text stk-block stk-1ea9a52\" data-block-id=\"1ea9a52\"><p class=\"stk-block-text__text\">En cumplimiento con el deber de informaci\u00f3n recogido en el art\u00edculo 10 de la Ley 34\/2002, de 11 de julio, de Servicios de la Sociedad de la Informaci\u00f3n y del Comercio Electr\u00f3nico, a continuaci\u00f3n se reflejan los siguientes datos:<\/p><\/div>\n\n\n\n<ul class=\"wp-block-list\">\n<li><strong>Titular:<\/strong> MOVILCONSULTING GLOBAL MEDIA SL<\/li>\n\n\n\n<li><strong>NIF:<\/strong> B75869487<\/li>\n\n\n\n<li><strong>Domicilio Social:<\/strong> Grupo Gorbea 2 2D 48530 Ortuella (Bizkaia)<\/li>\n\n\n\n<li><strong>Correo electr\u00f3nico de contacto:<\/strong> movilconsultingeu@movilconsulting.com<\/li>\n<\/ul>\n\n\n\n<div class=\"wp-block-stackable-text stk-block-text stk-block stk-0ff5253\" data-block-id=\"0ff5253\"><p class=\"stk-block-text__text\"><\/p><\/div>\n\n\n\n<p class=\"has-medium-font-size\"><strong>2. USUARIOS Y CONDICIONES DE USO<\/strong><\/p>\n\n\n\n<div class=\"wp-block-stackable-text stk-block-text stk-block stk-258c6f5\" data-block-id=\"258c6f5\"><p class=\"stk-block-text__text\">El acceso y\/o uso de este portal atribuye la condici\u00f3n de USUARIO, que acepta, desde dicho acceso y\/o uso, las Condiciones Generales de Uso aqu\u00ed reflejadas. El sitio web proporciona el acceso a multitud de informaciones, servicios o datos pertenecientes a MOVILCONSULTING GLOBAL MEDIA SL. El usuario asume la responsabilidad del uso del portal, incluyendo el registro o env\u00edo de datos a trav\u00e9s de los formularios de contacto.<\/p><\/div>\n\n\n\n<div class=\"wp-block-stackable-text stk-block-text stk-block stk-3e7cd28\" data-block-id=\"3e7cd28\"><p class=\"stk-block-text__text\"><\/p><\/div>\n\n\n\n<p class=\"has-medium-font-size\"><strong>3. PROPIEDAD INTELECTUAL E INDUSTRIAL<\/strong><\/p>\n\n\n\n<div class=\"wp-block-stackable-text stk-block-text stk-block stk-b3d2a74\" data-block-id=\"b3d2a74\"><p class=\"stk-block-text__text\">MOVILCONSULTING GLOBAL MEDIA SL es titular de todos los derechos de propiedad intelectual e industrial de su p\u00e1gina web, as\u00ed como de los elementos contenidos en la misma (a t\u00edtulo enunciativo: im\u00e1genes, sonido, audio, v\u00eddeo, software o textos; marcas o logotipos, combinaciones de colores, estructura y dise\u00f1o, selecci\u00f3n de materiales usados, programas de ordenador necesarios para su funcionamiento, acceso y uso, etc.).<\/p><\/div>\n\n\n\n<div class=\"wp-block-stackable-text stk-block-text stk-block stk-e326303\" data-block-id=\"e326303\"><p class=\"stk-block-text__text\">Queda expresamente prohibida la reproducci\u00f3n, distribuci\u00f3n y comunicaci\u00f3n p\u00fablica de la totalidad o parte de los contenidos de esta p\u00e1gina web con fines comerciales, en cualquier soporte y por cualquier medio t\u00e9cnico, sin la autorizaci\u00f3n previa de la empresa.<\/p><\/div>\n\n\n\n<div class=\"wp-block-stackable-text stk-block-text stk-block stk-fa41178\" data-block-id=\"fa41178\"><p class=\"stk-block-text__text\"><\/p><\/div>\n\n\n\n<p class=\"has-medium-font-size\"><strong>4. EXCLUSI\u00d3N DE GARANT\u00cdAS Y RESPONSABILIDAD<\/strong><\/p>\n\n\n\n<div class=\"wp-block-stackable-text stk-block-text stk-block stk-c06d4c6\" data-block-id=\"c06d4c6\"><p class=\"stk-block-text__text\">MOVILCONSULTING GLOBAL MEDIA SL no se hace responsable, en ning\u00fan caso, de los da\u00f1os y perjuicios de cualquier naturaleza que pudieran ocasionar, a t\u00edtulo enunciativo: errores u omisiones en los contenidos, falta de disponibilidad del portal o la transmisi\u00f3n de virus o programas maliciosos o lesivos en los contenidos, a pesar de haber adoptado todas las medidas tecnol\u00f3gicas necesarias para evitarlo.<\/p><\/div>\n\n\n\n<div class=\"wp-block-stackable-text stk-block-text stk-block stk-48e1f4e\" data-block-id=\"48e1f4e\"><p class=\"stk-block-text__text\"><\/p><\/div>\n\n\n\n<p class=\"has-medium-font-size\"><strong>5. MODIFICACIONES<\/strong><\/p>\n\n\n\n<div class=\"wp-block-stackable-text stk-block-text stk-block stk-121718b\" data-block-id=\"121718b\"><p class=\"stk-block-text__text\">La empresa se reserva el derecho de efectuar sin previo aviso las modificaciones que considere oportunas en su portal, pudiendo cambiar, suprimir o a\u00f1adir tanto los contenidos y servicios que se presten a trav\u00e9s de la misma como la forma en la que \u00e9stos aparezcan presentados o localizados en su portal.<\/p><\/div>\n\n\n\n<div class=\"wp-block-stackable-text stk-block-text stk-block stk-ed69701\" data-block-id=\"ed69701\"><p class=\"stk-block-text__text\"><\/p><\/div>\n\n\n\n<p class=\"has-medium-font-size\"><strong>6. LEGISLACI\u00d3N APLICABLE Y JURISDICCI\u00d3N<\/strong><\/p>\n\n\n\n<div class=\"wp-block-stackable-text stk-block-text stk-block stk-71e3685\" data-block-id=\"71e3685\"><p class=\"stk-block-text__text\">La relaci\u00f3n entre MOVILCONSULTING GLOBAL MEDIA SL y el USUARIO se regir\u00e1 por la normativa espa\u00f1ola vigente y cualquier controversia se someter\u00e1 a los Juzgados y tribunales de la ciudad de <strong>Bilbao (Bizkaia)<\/strong>.<\/p><\/div>\n","protected":false},"excerpt":{"rendered":"<p>1. INFORMACI\u00d3N IDENTIFICATIVA En cumplimiento con el deber de informaci\u00f3n recogido en el art\u00edculo 10 de la Ley 34\/2002, de 11 de julio, de Servicios de la Sociedad de la Informaci\u00f3n y del Comercio Electr\u00f3nico, a continuaci\u00f3n se reflejan los siguientes datos: 2. USUARIOS Y CONDICIONES DE USO El acceso y\/o uso de este portal [&hellip;]<\/p>\n","protected":false},"author":1,"featured_media":0,"parent":0,"menu_order":0,"comment_status":"closed","ping_status":"closed","template":"","meta":{"footnotes":""},"class_list":["post-1089","page","type-page","status-publish","hentry"],"blocksy_meta":[],"_links":{"self":[{"href":"https:\/\/movilconsulting.com\/index.php\/wp-json\/wp\/v2\/pages\/1089","targetHints":{"allow":["GET"]}}],"collection":[{"href":"https:\/\/movilconsulting.com\/index.php\/wp-json\/wp\/v2\/pages"}],"about":[{"href":"https:\/\/movilconsulting.com\/index.php\/wp-json\/wp\/v2\/types\/page"}],"author":[{"embeddable":true,"href":"https:\/\/movilconsulting.com\/index.php\/wp-json\/wp\/v2\/users\/1"}],"replies":[{"embeddable":true,"href":"https:\/\/movilconsulting.com\/index.php\/wp-json\/wp\/v2\/comments?post=1089"}],"version-history":[{"count":5,"href":"https:\/\/movilconsulting.com\/index.php\/wp-json\/wp\/v2\/pages\/1089\/revisions"}],"predecessor-version":[{"id":1097,"href":"https:\/\/movilconsulting.com\/index.php\/wp-json\/wp\/v2\/pages\/1089\/revisions\/1097"}],"wp:attachment":[{"href":"https:\/\/movilconsulting.com\/index.php\/wp-json\/wp\/v2\/media?parent=1089"}],"curies":[{"name":"wp","href":"https:\/\/api.w.org\/{rel}","templated":true}]}}