{"id":11,"date":"2026-01-27T10:22:49","date_gmt":"2026-01-27T10:22:49","guid":{"rendered":"https:\/\/movilconsulting.com\/?page_id=11"},"modified":"2026-01-27T15:20:48","modified_gmt":"2026-01-27T15:20:48","slug":"contacto","status":"publish","type":"page","link":"https:\/\/movilconsulting.com\/index.php\/contacto","title":{"rendered":"Contacto"},"content":{"rendered":"\n<p><strong>Hablemos de su infraestructura tecnol\u00f3gica<\/strong><\/p>\n\n\n\n<p>En Movilconsulting entendemos que la tecnolog\u00eda es el motor de su negocio. Ya sea para optimizar la gesti\u00f3n de sus dispositivos corporativos, asegurar la integridad de sus datos o renovar su equipamiento IT, nuestro equipo de consultores est\u00e1 listo para ofrecerle una soluci\u00f3n a medida.<\/p>\n\n\n\n<p><strong>Compromiso de respuesta:<\/strong>  Analizamos su consulta y le contactamos en un plazo m\u00e1ximo de 24 horas laborables<\/p>\n\n\n<div class=\"wpforms-container wpforms-block wpforms-block-d5cdef29-53e4-4a3f-8d44-a6b9a938ddab wpforms-render-modern\" id=\"wpforms-35\"><form id=\"wpforms-form-35\" class=\"wpforms-validate wpforms-form wpforms-ajax-form\" data-formid=\"35\" method=\"post\" enctype=\"multipart\/form-data\" action=\"\/index.php\/wp-json\/wp\/v2\/pages\/11\" data-token=\"40831eaab7bc3f2bc6c50460ccd62667\" data-token-time=\"1776423754\"><noscript class=\"wpforms-error-noscript\">Por favor, activa JavaScript en tu navegador para completar este formulario.<\/noscript><div id=\"wpforms-error-noscript\" style=\"display: none;\">Por favor, activa JavaScript en tu navegador para completar este formulario.<\/div><div class=\"wpforms-field-container\"><div id=\"wpforms-35-field_1-container\" class=\"wpforms-field wpforms-field-name\" data-field-id=\"1\"><fieldset><legend class=\"wpforms-field-label\">Nombre y apellidos <span class=\"wpforms-required-label\" aria-hidden=\"true\">*<\/span><\/legend><div class=\"wpforms-field-row wpforms-field-medium\"><div class=\"wpforms-field-row-block wpforms-first wpforms-one-half\"><input type=\"text\" id=\"wpforms-35-field_1\" class=\"wpforms-field-name-first wpforms-field-required\" name=\"wpforms[fields][1][first]\" aria-errormessage=\"wpforms-35-field_1-error\" required><label for=\"wpforms-35-field_1\" class=\"wpforms-field-sublabel after\">Nombre<\/label><\/div><div class=\"wpforms-field-row-block wpforms-one-half\"><input type=\"text\" id=\"wpforms-35-field_1-last\" class=\"wpforms-field-name-last wpforms-field-required\" name=\"wpforms[fields][1][last]\" aria-errormessage=\"wpforms-35-field_1-last-error\" required><label for=\"wpforms-35-field_1-last\" class=\"wpforms-field-sublabel after\">Apellidos<\/label><\/div><\/div><\/fieldset><\/div><div id=\"wpforms-35-field_2-container\" class=\"wpforms-field wpforms-field-email\" data-field-id=\"2\"><label class=\"wpforms-field-label\" for=\"wpforms-35-field_2\">Email <span class=\"wpforms-required-label\" aria-hidden=\"true\">*<\/span><\/label><input type=\"email\" id=\"wpforms-35-field_2\" class=\"wpforms-field-medium wpforms-field-required\" name=\"wpforms[fields][2]\" spellcheck=\"false\" aria-errormessage=\"wpforms-35-field_2-error\" required><\/div><div id=\"wpforms-35-field_10-container\" class=\"wpforms-field wpforms-field-text\" data-field-id=\"10\"><label class=\"wpforms-field-label\" for=\"wpforms-35-field_10\">Tel\u00e9fono <span class=\"wpforms-required-label\" aria-hidden=\"true\">*<\/span><\/label><input type=\"text\" id=\"wpforms-35-field_10\" class=\"wpforms-field-medium wpforms-field-required wpforms-limit-characters-enabled\" data-form-id=\"35\" data-field-id=\"10\" data-text-limit=\"9\" name=\"wpforms[fields][10]\" aria-errormessage=\"wpforms-35-field_10-error\" maxlength=\"9\" required><\/div><div id=\"wpforms-35-field_4-container\" class=\"wpforms-field wpforms-field-text\" data-field-id=\"4\"><label class=\"wpforms-field-label\" for=\"wpforms-35-field_4\">Empresa<\/label><input type=\"text\" id=\"wpforms-35-field_4\" class=\"wpforms-field-medium\" name=\"wpforms[fields][4]\" aria-errormessage=\"wpforms-35-field_4-error\" ><\/div>\t\t<div id=\"wpforms-35-field_3-container\"\n\t\t\tclass=\"wpforms-field wpforms-field-text\"\n\t\t\tdata-field-type=\"text\"\n\t\t\tdata-field-id=\"3\"\n\t\t\t>\n\t\t\t<label class=\"wpforms-field-label\" for=\"wpforms-35-field_3\" >\u00bfC\u00f3mo Nombre proyecto<\/label>\n\t\t\t<input type=\"text\" id=\"wpforms-35-field_3\" class=\"wpforms-field-medium\" name=\"wpforms[fields][3]\" >\n\t\t<\/div>\n\t\t<div id=\"wpforms-35-field_5-container\" class=\"wpforms-field wpforms-field-select wpforms-field-select-style-classic\" data-field-id=\"5\"><label class=\"wpforms-field-label\" for=\"wpforms-35-field_5\">Cu\u00e9ntenos acerca de su necesidad o proyecto <span class=\"wpforms-required-label\" aria-hidden=\"true\">*<\/span><\/label><select id=\"wpforms-35-field_5\" class=\"wpforms-field-medium wpforms-field-required\" name=\"wpforms[fields][5]\" required=\"required\"><option value=\"Informatica y Mantenimiento\"  class=\"choice-1 depth-1\"  >Informatica y Mantenimiento<\/option><option value=\"Seguridad Integral\"  class=\"choice-2 depth-1\"  >Seguridad Integral<\/option><option value=\"Movilidad Corporativa\"  class=\"choice-3 depth-1\"  >Movilidad Corporativa<\/option><option value=\"Equipamiento IT\"  class=\"choice-4 depth-1\"  >Equipamiento IT<\/option><\/select><\/div><div id=\"wpforms-35-field_6-container\" class=\"wpforms-field wpforms-field-textarea\" data-field-id=\"6\"><label class=\"wpforms-field-label\" for=\"wpforms-35-field_6\">Mensaje <span class=\"wpforms-required-label\" aria-hidden=\"true\">*<\/span><\/label><textarea id=\"wpforms-35-field_6\" class=\"wpforms-field-medium wpforms-field-required\" name=\"wpforms[fields][6]\" aria-errormessage=\"wpforms-35-field_6-error\" required><\/textarea><\/div><div id=\"wpforms-35-field_7-container\" class=\"wpforms-field wpforms-field-radio wpforms-list-inline\" data-field-id=\"7\"><fieldset><legend class=\"wpforms-field-label\">\u00bfC\u00f3mo prefieres que le contactemos?<\/legend><ul id=\"wpforms-35-field_7\" class=\"wpforms-icon-choices wpforms-icon-choices-default wpforms-icon-choices-large\" style=\"--wpforms-icon-choices-color: #5c6eae;\"><li class=\"choice-2 depth-1 wpforms-icon-choices-item\"><label class=\"wpforms-field-label-inline\" for=\"wpforms-35-field_7_2\">\n\t\t\t\t<span class=\"wpforms-icon-choices-icon\">\n\t\t\t\t\t<svg xmlns=\"http:\/\/www.w3.org\/2000\/svg\" width=\"80\" height=\"64\" viewBox=\"0 0 512 512\"><!--! Font Awesome Free 6.4.0 by @fontawesome - https:\/\/fontawesome.com License - https:\/\/fontawesome.com\/license\/free (Icons: CC BY 4.0, Fonts: SIL OFL 1.1, Code: MIT License) Copyright 2023 Fonticons, Inc. --><path d=\"M48 64C21.5 64 0 85.5 0 112c0 15.1 7.1 29.3 19.2 38.4L236.8 313.6c11.4 8.5 27 8.5 38.4 0L492.8 150.4c12.1-9.1 19.2-23.3 19.2-38.4c0-26.5-21.5-48-48-48H48zM0 176V384c0 35.3 28.7 64 64 64H448c35.3 0 64-28.7 64-64V176L294.4 339.2c-22.8 17.1-54 17.1-76.8 0L0 176z\"\/><\/svg>\n\t\t\t\t\t<span class=\"wpforms-icon-choices-icon-bg\"><\/span>\n\t\t\t\t<\/span>\n\t\t\t\t<input type=\"radio\" id=\"wpforms-35-field_7_2\" class=\"wpforms-screen-reader-element\" name=\"wpforms[fields][7]\" value=\"Email\" aria-errormessage=\"wpforms-35-field_7_2-error\"  >\n\t\t\t\t<span class=\"wpforms-icon-choices-label\">Email<\/span>\n\t\t\t<\/label><\/li><li class=\"choice-1 depth-1 wpforms-icon-choices-item\"><label class=\"wpforms-field-label-inline\" for=\"wpforms-35-field_7_1\">\n\t\t\t\t<span class=\"wpforms-icon-choices-icon\">\n\t\t\t\t\t<svg xmlns=\"http:\/\/www.w3.org\/2000\/svg\" width=\"80\" height=\"64\" viewBox=\"0 0 512 512\"><!--! Font Awesome Free 6.4.0 by @fontawesome - https:\/\/fontawesome.com License - https:\/\/fontawesome.com\/license\/free (Icons: CC BY 4.0, Fonts: SIL OFL 1.1, Code: MIT License) Copyright 2023 Fonticons, Inc. --><path d=\"M164.9 24.6c-7.7-18.6-28-28.5-47.4-23.2l-88 24C12.1 30.2 0 46 0 64C0 311.4 200.6 512 448 512c18 0 33.8-12.1 38.6-29.5l24-88c5.3-19.4-4.6-39.7-23.2-47.4l-96-40c-16.3-6.8-35.2-2.1-46.3 11.6L304.7 368C234.3 334.7 177.3 277.7 144 207.3L193.3 167c13.7-11.2 18.4-30 11.6-46.3l-40-96z\"\/><\/svg>\n\t\t\t\t\t<span class=\"wpforms-icon-choices-icon-bg\"><\/span>\n\t\t\t\t<\/span>\n\t\t\t\t<input type=\"radio\" id=\"wpforms-35-field_7_1\" class=\"wpforms-screen-reader-element\" name=\"wpforms[fields][7]\" value=\"Llamada telef\u00f3nica\" aria-errormessage=\"wpforms-35-field_7_1-error\"  >\n\t\t\t\t<span class=\"wpforms-icon-choices-label\">Llamada telef\u00f3nica<\/span>\n\t\t\t<\/label><\/li><li class=\"choice-3 depth-1 wpforms-icon-choices-item\"><label class=\"wpforms-field-label-inline\" for=\"wpforms-35-field_7_3\">\n\t\t\t\t<span class=\"wpforms-icon-choices-icon\">\n\t\t\t\t\t<svg xmlns=\"http:\/\/www.w3.org\/2000\/svg\" width=\"80\" height=\"64\" viewBox=\"0 0 448 512\"><!--! Font Awesome Free 6.4.0 by @fontawesome - https:\/\/fontawesome.com License - https:\/\/fontawesome.com\/license\/free (Icons: CC BY 4.0, Fonts: SIL OFL 1.1, Code: MIT License) Copyright 2023 Fonticons, Inc. --><path d=\"M380.9 97.1C339 55.1 283.2 32 223.9 32c-122.4 0-222 99.6-222 222 0 39.1 10.2 77.3 29.6 111L0 480l117.7-30.9c32.4 17.7 68.9 27 106.1 27h.1c122.3 0 224.1-99.6 224.1-222 0-59.3-25.2-115-67.1-157zm-157 341.6c-33.2 0-65.7-8.9-94-25.7l-6.7-4-69.8 18.3L72 359.2l-4.4-7c-18.5-29.4-28.2-63.3-28.2-98.2 0-101.7 82.8-184.5 184.6-184.5 49.3 0 95.6 19.2 130.4 54.1 34.8 34.9 56.2 81.2 56.1 130.5 0 101.8-84.9 184.6-186.6 184.6zm101.2-138.2c-5.5-2.8-32.8-16.2-37.9-18-5.1-1.9-8.8-2.8-12.5 2.8-3.7 5.6-14.3 18-17.6 21.8-3.2 3.7-6.5 4.2-12 1.4-32.6-16.3-54-29.1-75.5-66-5.7-9.8 5.7-9.1 16.3-30.3 1.8-3.7.9-6.9-.5-9.7-1.4-2.8-12.5-30.1-17.1-41.2-4.5-10.8-9.1-9.3-12.5-9.5-3.2-.2-6.9-.2-10.6-.2-3.7 0-9.7 1.4-14.8 6.9-5.1 5.6-19.4 19-19.4 46.3 0 27.3 19.9 53.7 22.6 57.4 2.8 3.7 39.1 59.7 94.8 83.8 35.2 15.2 49 16.5 66.6 13.9 10.7-1.6 32.8-13.4 37.4-26.4 4.6-13 4.6-24.1 3.2-26.4-1.3-2.5-5-3.9-10.5-6.6z\"\/><\/svg>\n\t\t\t\t\t<span class=\"wpforms-icon-choices-icon-bg\"><\/span>\n\t\t\t\t<\/span>\n\t\t\t\t<input type=\"radio\" id=\"wpforms-35-field_7_3\" class=\"wpforms-screen-reader-element\" name=\"wpforms[fields][7]\" value=\"WhatsApp\" aria-errormessage=\"wpforms-35-field_7_3-error\"  >\n\t\t\t\t<span class=\"wpforms-icon-choices-label\">WhatsApp<\/span>\n\t\t\t<\/label><\/li><li class=\"choice-4 depth-1 wpforms-icon-choices-item\"><label class=\"wpforms-field-label-inline\" for=\"wpforms-35-field_7_4\">\n\t\t\t\t<span class=\"wpforms-icon-choices-icon\">\n\t\t\t\t\t<svg xmlns=\"http:\/\/www.w3.org\/2000\/svg\" width=\"80\" height=\"64\" viewBox=\"0 0 512 512\"><!--! Font Awesome Free 6.4.0 by @fontawesome - https:\/\/fontawesome.com License - https:\/\/fontawesome.com\/license\/free (Icons: CC BY 4.0, Fonts: SIL OFL 1.1, Code: MIT License) Copyright 2023 Fonticons, Inc. --><path d=\"M471.6 21.7c-21.9-21.9-57.3-21.9-79.2 0L362.3 51.7l97.9 97.9 30.1-30.1c21.9-21.9 21.9-57.3 0-79.2L471.6 21.7zm-299.2 220c-6.1 6.1-10.8 13.6-13.5 21.9l-29.6 88.8c-2.9 8.6-.6 18.1 5.8 24.6s15.9 8.7 24.6 5.8l88.8-29.6c8.2-2.7 15.7-7.4 21.9-13.5L437.7 172.3 339.7 74.3 172.4 241.7zM96 64C43 64 0 107 0 160V416c0 53 43 96 96 96H352c53 0 96-43 96-96V320c0-17.7-14.3-32-32-32s-32 14.3-32 32v96c0 17.7-14.3 32-32 32H96c-17.7 0-32-14.3-32-32V160c0-17.7 14.3-32 32-32h96c17.7 0 32-14.3 32-32s-14.3-32-32-32H96z\"\/><\/svg>\n\t\t\t\t\t<span class=\"wpforms-icon-choices-icon-bg\"><\/span>\n\t\t\t\t<\/span>\n\t\t\t\t<input type=\"radio\" id=\"wpforms-35-field_7_4\" class=\"wpforms-screen-reader-element\" name=\"wpforms[fields][7]\" value=\"Indiferente\" aria-errormessage=\"wpforms-35-field_7_4-error\"  >\n\t\t\t\t<span class=\"wpforms-icon-choices-label\">Indiferente<\/span>\n\t\t\t<\/label><\/li><\/ul><\/fieldset><\/div><div id=\"wpforms-35-field_11-container\" class=\"wpforms-field wpforms-field-gdpr-checkbox\" data-field-id=\"11\"><label class=\"wpforms-field-label\">Acuerdo RGPD <span class=\"wpforms-required-label\" aria-hidden=\"true\">*<\/span><\/label><ul id=\"wpforms-35-field_11\" class=\"wpforms-field-required\"><li class=\"choice-1\"><input type=\"checkbox\" id=\"wpforms-35-field_11_1\" name=\"wpforms[fields][11][]\" value=\"Doy mi consentimiento para que esta web almacene la informaci\u00f3n que env\u00edo para que puedan responder a mi petici\u00f3n.\" aria-errormessage=\"wpforms-35-field_11_1-error\" required ><label class=\"wpforms-field-label-inline\" for=\"wpforms-35-field_11_1\">Doy mi consentimiento para que esta web almacene la informaci\u00f3n que env\u00edo para que puedan responder a mi petici\u00f3n.<\/label><\/li><\/ul><\/div><script>\n\t\t\t\t( function() {\n\t\t\t\t\tconst style = document.createElement( 'style' );\n\t\t\t\t\tstyle.appendChild( document.createTextNode( '#wpforms-35-field_3-container { position: absolute !important; overflow: hidden !important; display: inline !important; height: 1px !important; width: 1px !important; z-index: -1000 !important; padding: 0 !important; } #wpforms-35-field_3-container input { visibility: hidden; } #wpforms-conversational-form-page #wpforms-35-field_3-container label { counter-increment: none; }' ) );\n\t\t\t\t\tdocument.head.appendChild( style );\n\t\t\t\t\tdocument.currentScript?.remove();\n\t\t\t\t} )();\n\t\t\t<\/script><\/div><!-- .wpforms-field-container --><div class=\"wpforms-recaptcha-container wpforms-is-recaptcha wpforms-is-recaptcha-type-v2\" ><div class=\"g-recaptcha\" data-sitekey=\"6Ld92VcsAAAAAPdurNCuoawNWTzr179KdS36JOtc\"><\/div><input type=\"text\" name=\"g-recaptcha-hidden\" class=\"wpforms-recaptcha-hidden\" style=\"position:absolute!important;clip:rect(0,0,0,0)!important;height:1px!important;width:1px!important;border:0!important;overflow:hidden!important;padding:0!important;margin:0!important;\" data-rule-recaptcha=\"1\"><\/div><div class=\"wpforms-submit-container\" ><input type=\"hidden\" name=\"wpforms[id]\" value=\"35\"><input type=\"hidden\" name=\"page_title\" value=\"\"><input type=\"hidden\" name=\"page_url\" value=\"https:\/\/movilconsulting.com\/index.php\/wp-json\/wp\/v2\/pages\/11\"><input type=\"hidden\" name=\"url_referer\" value=\"\"><button type=\"submit\" name=\"wpforms[submit]\" id=\"wpforms-submit-35\" class=\"wpforms-submit\" data-alt-text=\"Enviando...\" data-submit-text=\"Enviar solicitud de contacto\" aria-live=\"assertive\" value=\"wpforms-submit\">Enviar solicitud de contacto<\/button><img loading=\"lazy\" decoding=\"async\" src=\"https:\/\/movilconsulting.com\/wp-content\/plugins\/wpforms-lite\/assets\/images\/submit-spin.svg\" class=\"wpforms-submit-spinner\" style=\"display: none;\" width=\"26\" height=\"26\" alt=\"Cargando\"><\/div><\/form><\/div>  <!-- .wpforms-container -->","protected":false},"excerpt":{"rendered":"<p>Hablemos de su infraestructura tecnol\u00f3gica En Movilconsulting entendemos que la tecnolog\u00eda es el motor de su negocio. Ya sea para optimizar la gesti\u00f3n de sus dispositivos corporativos, asegurar la integridad de sus datos o renovar su equipamiento IT, nuestro equipo de consultores est\u00e1 listo para ofrecerle una soluci\u00f3n a medida. Compromiso de respuesta: Analizamos su [&hellip;]<\/p>\n","protected":false},"author":1,"featured_media":0,"parent":0,"menu_order":0,"comment_status":"closed","ping_status":"closed","template":"","meta":{"footnotes":""},"class_list":["post-11","page","type-page","status-publish","hentry"],"blocksy_meta":[],"_links":{"self":[{"href":"https:\/\/movilconsulting.com\/index.php\/wp-json\/wp\/v2\/pages\/11","targetHints":{"allow":["GET"]}}],"collection":[{"href":"https:\/\/movilconsulting.com\/index.php\/wp-json\/wp\/v2\/pages"}],"about":[{"href":"https:\/\/movilconsulting.com\/index.php\/wp-json\/wp\/v2\/types\/page"}],"author":[{"embeddable":true,"href":"https:\/\/movilconsulting.com\/index.php\/wp-json\/wp\/v2\/users\/1"}],"replies":[{"embeddable":true,"href":"https:\/\/movilconsulting.com\/index.php\/wp-json\/wp\/v2\/comments?post=11"}],"version-history":[{"count":4,"href":"https:\/\/movilconsulting.com\/index.php\/wp-json\/wp\/v2\/pages\/11\/revisions"}],"predecessor-version":[{"id":58,"href":"https:\/\/movilconsulting.com\/index.php\/wp-json\/wp\/v2\/pages\/11\/revisions\/58"}],"wp:attachment":[{"href":"https:\/\/movilconsulting.com\/index.php\/wp-json\/wp\/v2\/media?parent=11"}],"curies":[{"name":"wp","href":"https:\/\/api.w.org\/{rel}","templated":true}]}}