{"id":49,"date":"2026-01-27T14:55:15","date_gmt":"2026-01-27T14:55:15","guid":{"rendered":"https:\/\/movilconsulting.com\/index.php\/cookie-policy"},"modified":"2026-02-03T16:42:22","modified_gmt":"2026-02-03T16:42:22","slug":"cookie-policy","status":"publish","type":"page","link":"https:\/\/movilconsulting.com\/index.php\/cookie-policy","title":{"rendered":"Pol\u00edtica de Cookies"},"content":{"rendered":"\n<p><strong>1. \u00bfQU\u00c9 SON LAS COOKIES?<\/strong> <\/p>\n\n\n\n<div class=\"wp-block-stackable-text stk-block-text stk-block stk-1ea9a52\" data-block-id=\"1ea9a52\"><p class=\"stk-block-text__text\">Una cookie es un peque\u00f1o archivo de texto que se almacena en su navegador cuando visita casi cualquier p\u00e1gina web. Su utilidad es que la web sea capaz de recordar su visita cuando vuelva a navegar por esa p\u00e1gina para optimizar su experiencia. Las cookies suelen almacenar informaci\u00f3n de car\u00e1cter t\u00e9cnico, preferencias personales, personalizaci\u00f3n de contenidos, estad\u00edsticas de uso, enlaces a redes sociales, acceso a cuentas de usuario, etc.<\/p><\/div>\n\n\n\n<p><strong>2. TIPOS DE COOKIES SEG\u00daN SU FINALIDAD<\/strong><\/p>\n\n\n\n<ul class=\"wp-block-list\">\n<li><strong>Cookies t\u00e9cnicas (Necesarias):<\/strong> Son aquellas que permiten al usuario la navegaci\u00f3n a trav\u00e9s de una p\u00e1gina web y la utilizaci\u00f3n de las diferentes opciones o servicios que en ella existan (como el env\u00edo del formulario de contacto o el control de seguridad del sitio).<\/li>\n\n\n\n<li><strong>Cookies de personalizaci\u00f3n:<\/strong> Permiten al usuario acceder al servicio con algunas caracter\u00edsticas de car\u00e1cter general predefinidas (como el idioma).<\/li>\n\n\n\n<li><strong>Cookies de an\u00e1lisis:<\/strong> Aquellas que permiten cuantificar el n\u00famero de usuarios y realizar la medici\u00f3n y an\u00e1lisis estad\u00edstico de la utilizaci\u00f3n que hacen los usuarios de la web para introducir mejoras.<\/li>\n<\/ul>\n\n\n\n<p><strong>3. DETALLE DE COOKIES UTILIZADAS DE ESTE SITIO<\/strong> <\/p>\n\n\n\n<div class=\"wp-block-stackable-text stk-block-text stk-block stk-b3d2a74\" data-block-id=\"b3d2a74\"><p class=\"stk-block-text__text\">En cumplimiento de la normativa, se informa que este sitio web utiliza:<\/p><\/div>\n\n\n\n<ul class=\"wp-block-list\">\n<li><strong>Cookies propias t\u00e9cnicas:<\/strong> Necesarias para la gesti\u00f3n del formulario de contacto y el mantenimiento de la sesi\u00f3n del usuario.<\/li>\n\n\n\n<li><strong>Responsable:<\/strong> MOVILCONSULTING GLOBAL MEDIA SL<\/li>\n\n\n\n<li><strong>NIF:<\/strong> B75869487<\/li>\n\n\n\n<li><strong>Contacto:<\/strong> movilconsultingeu@movilconsulting.com<\/li>\n<\/ul>\n\n\n\n<p><strong>4. GESTI\u00d3N Y DESACTIVACI\u00d3N DE COOKIES<\/strong> <\/p>\n\n\n\n<div class=\"wp-block-stackable-text stk-block-text stk-block stk-c06d4c6\" data-block-id=\"c06d4c6\"><p class=\"stk-block-text__text\">Usted puede ejercer su derecho de desactivaci\u00f3n o eliminaci\u00f3n de cookies de este sitio web en cualquier momento. Estas acciones se realizan de forma diferente en funci\u00f3n del navegador que est\u00e9 usando:<\/p><\/div>\n\n\n\n<ul class=\"wp-block-list\">\n<li><a href=\"https:\/\/support.google.com\/chrome\/answer\/95647?hl=es\" target=\"_blank\" rel=\"noreferrer noopener\">Configuraci\u00f3n de cookies para Google Chrome<\/a><\/li>\n\n\n\n<li><a href=\"https:\/\/support.mozilla.org\/es\/kb\/habilitar-y-deshabilitar-cookies-sitios-web-rastrear-preferencias\" target=\"_blank\" rel=\"noreferrer noopener\">Configuraci\u00f3n de cookies para Mozilla Firefox<\/a><\/li>\n\n\n\n<li><a href=\"https:\/\/www.google.com\/search?q=https:\/\/support.apple.com\/es-es\/guide\/safari\/sfri11471\/mac\" target=\"_blank\" rel=\"noreferrer noopener\">Configuraci\u00f3n de cookies para Apple Safari<\/a><\/li>\n\n\n\n<li><a href=\"https:\/\/www.google.com\/search?q=https:\/\/support.microsoft.com\/es-es\/microsoft-edge\/eliminar-las-cookies-en-microsoft-edge-63491274-5153-00d9-2256-1033d1b6106d\" target=\"_blank\" rel=\"noreferrer noopener\">Configuraci\u00f3n de cookies para Microsoft Edge<\/a><\/li>\n<\/ul>\n\n\n\n<p><strong>5. <\/strong>NOTAS ADICIONALES<\/p>\n\n\n\n<div class=\"wp-block-stackable-text stk-block-text stk-block stk-7593b8f\" data-block-id=\"7593b8f\"><p class=\"stk-block-text__text\">Ni esta web ni sus representantes legales se hacen responsables ni del contenido ni de la veracidad de las pol\u00edticas de privacidad que puedan tener los terceros mencionados en esta pol\u00edtica de cookies. Los navegadores web son las herramientas encargadas de almacenar las cookies y desde este lugar debe efectuar su derecho a la eliminaci\u00f3n o desactivaci\u00f3n de las mismas.<\/p><\/div>\n","protected":false},"excerpt":{"rendered":"<p>1. \u00bfQU\u00c9 SON LAS COOKIES? Una cookie es un peque\u00f1o archivo de texto que se almacena en su navegador cuando visita casi cualquier p\u00e1gina web. Su utilidad es que la web sea capaz de recordar su visita cuando vuelva a navegar por esa p\u00e1gina para optimizar su experiencia. Las cookies suelen almacenar informaci\u00f3n de car\u00e1cter [&hellip;]<\/p>\n","protected":false},"author":1,"featured_media":0,"parent":0,"menu_order":0,"comment_status":"closed","ping_status":"closed","template":"","meta":{"footnotes":""},"class_list":["post-49","page","type-page","status-publish","hentry"],"blocksy_meta":[],"_links":{"self":[{"href":"https:\/\/movilconsulting.com\/index.php\/wp-json\/wp\/v2\/pages\/49","targetHints":{"allow":["GET"]}}],"collection":[{"href":"https:\/\/movilconsulting.com\/index.php\/wp-json\/wp\/v2\/pages"}],"about":[{"href":"https:\/\/movilconsulting.com\/index.php\/wp-json\/wp\/v2\/types\/page"}],"author":[{"embeddable":true,"href":"https:\/\/movilconsulting.com\/index.php\/wp-json\/wp\/v2\/users\/1"}],"replies":[{"embeddable":true,"href":"https:\/\/movilconsulting.com\/index.php\/wp-json\/wp\/v2\/comments?post=49"}],"version-history":[{"count":3,"href":"https:\/\/movilconsulting.com\/index.php\/wp-json\/wp\/v2\/pages\/49\/revisions"}],"predecessor-version":[{"id":1088,"href":"https:\/\/movilconsulting.com\/index.php\/wp-json\/wp\/v2\/pages\/49\/revisions\/1088"}],"wp:attachment":[{"href":"https:\/\/movilconsulting.com\/index.php\/wp-json\/wp\/v2\/media?parent=49"}],"curies":[{"name":"wp","href":"https:\/\/api.w.org\/{rel}","templated":true}]}}