{"id":74,"date":"2026-01-27T16:43:43","date_gmt":"2026-01-27T16:43:43","guid":{"rendered":"https:\/\/movilconsulting.com\/?page_id=74"},"modified":"2026-02-03T14:18:32","modified_gmt":"2026-02-03T14:18:32","slug":"gestion-de-movilidad-corporativa","status":"publish","type":"page","link":"https:\/\/movilconsulting.com\/index.php\/gestion-de-movilidad-corporativa","title":{"rendered":"Movilidad Corporativa"},"content":{"rendered":"\n<div class=\"wp-block-stackable-columns alignfull stk-block-columns stk-block stk-64fe829 stk-block-background stk--has-background-overlay\" data-block-id=\"64fe829\"><style>.stk-64fe829 {background-image:url(https:\/\/movilconsulting.com\/wp-content\/uploads\/2026\/02\/MovilidadFondo.png) !important;min-height:400px !important;align-items:center !important;padding-top:var(--stk--preset--spacing--70, 3.38rem) !important;padding-right:var(--stk--preset--spacing--70, 3.38rem) !important;padding-bottom:var(--stk--preset--spacing--70, 3.38rem) !important;padding-left:var(--stk--preset--spacing--70, 3.38rem) !important;margin-bottom:0px !important;display:flex !important;}.stk-64fe829:before{background-color:#000000 !important;opacity:0.6 !important;}<\/style><div class=\"stk-row stk-inner-blocks stk-block-content stk-content-align stk-64fe829-column alignwide\">\n<div class=\"wp-block-stackable-column stk-block-column stk-column stk-block stk-8548747\" data-v=\"4\" data-block-id=\"8548747\"><div class=\"stk-column-wrapper stk-block-column__content stk-container stk-8548747-container stk--no-background stk--no-padding\"><div class=\"stk-block-content stk-inner-blocks stk-8548747-inner-blocks\">\n<div class=\"wp-block-stackable-heading stk-block-heading stk-block-heading--v2 stk-block stk-b4ebe43\" id=\"heading-placeholder\" data-block-id=\"b4ebe43\"><style>.stk-b4ebe43 .stk-block-heading__text{color:#ffffff !important;}<\/style><h2 class=\"stk-block-heading__text has-text-color\"><strong>Optimizamos la productividad de su equipo con soluciones completas de despliegue, configuraci\u00f3n, soporte y log\u00edstica inversa de dispositivos m\u00f3viles.<\/strong><\/h2><\/div>\n\n\n\n<div class=\"wp-block-group has-palette-color-8-color has-text-color has-link-color wp-elements-5c85fde22220e649631496ac59c5dde9 is-content-justification-left is-nowrap is-layout-flex wp-container-core-group-is-layout-fc9f69e7 wp-block-group-is-layout-flex\">\n<div class=\"wp-block-button is-style-outline is-style-outline--1\"><a class=\"wp-block-button__link has-background wp-element-button\" href=\"https:\/\/movilconsulting.com\/index.php\/contacto\" style=\"background-color:#5c6eae\">Solicitar Consultoria de Flotas<\/a><\/div>\n<\/div>\n<\/div><\/div><\/div>\n<\/div><\/div>\n\n\n\n<p><\/p>\n\n\n\n<h4 class=\"wp-block-heading has-text-align-center has-palette-color-3-color has-text-color has-link-color wp-elements-815e71011ec1b55d59186a646a55102a\">Servicios de Movilidad 360\u00b0<\/h4>\n\n\n\n<div class=\"wp-block-stackable-feature-grid alignwide stk-block-feature-grid stk-block-columns stk-block stk-660677c is-style-default\" data-block-id=\"660677c\"><div class=\"stk-row stk-inner-blocks has-text-align-center stk-block-content stk-content-align stk-660677c-column alignwide\">\n<div class=\"wp-block-stackable-column stk-block-column stk-column stk-block stk-80c66dc\" data-v=\"4\" data-block-id=\"80c66dc\"><div class=\"stk-column-wrapper stk-block-column__content stk-container stk-80c66dc-container stk-hover-parent\"><div class=\"stk-block-content stk-inner-blocks stk-80c66dc-inner-blocks\">\n<div class=\"wp-block-stackable-image stk-block-image stk-block stk-382acf7\" data-block-id=\"382acf7\"><style>.stk-382acf7 .stk-img-wrapper{width:380px !important;}<\/style><figure><span class=\"stk-img-wrapper stk-image--shape-stretch\"><img loading=\"lazy\" decoding=\"async\" class=\"stk-img wp-image-1009\" src=\"https:\/\/movilconsulting.com\/wp-content\/uploads\/2026\/01\/Movilidad1.png\" width=\"380\" height=\"380\" srcset=\"https:\/\/movilconsulting.com\/wp-content\/uploads\/2026\/01\/Movilidad1.png 380w, https:\/\/movilconsulting.com\/wp-content\/uploads\/2026\/01\/Movilidad1-300x300.png 300w, https:\/\/movilconsulting.com\/wp-content\/uploads\/2026\/01\/Movilidad1-150x150.png 150w\" sizes=\"auto, (max-width: 380px) 100vw, 380px\" \/><\/span><\/figure><\/div>\n\n\n\n<div class=\"wp-block-stackable-heading stk-block-heading stk-block-heading--v2 stk-block stk-dc63361\" id=\"despliegue-y-configuracion-mdm\" data-block-id=\"dc63361\"><h3 class=\"stk-block-heading__text\">Despliegue y Configuraci\u00f3n (MDM)<\/h3><\/div>\n\n\n\n<div class=\"wp-block-stackable-text stk-block-text stk-block stk-4c4e6df\" data-block-id=\"4c4e6df\"><p class=\"stk-block-text__text\">Preparamos sus dispositivos para el uso corporativo. Implementamos sistemas de <em>Mobile Device Management<\/em> (MDM) para la gesti\u00f3n remota, seguridad, perfiles y aplicaciones en toda su flota m\u00f3vil.<\/p><\/div>\n\n\n\n<div class=\"wp-block-stackable-button-group stk-block-button-group stk-block stk-a338a7b\" data-block-id=\"a338a7b\"><div class=\"stk-row stk-inner-blocks stk-block-content stk-button-group\">\n<div class=\"wp-block-stackable-button stk-block-button is-style-ghost stk-block stk-b3b0a12\" data-block-id=\"b3b0a12\"><style>.stk-b3b0a12 .stk-button{background:transparent !important;}.stk-b3b0a12 .stk-button:hover:after{background:transparent !important;opacity:1 !important;}:where(.stk-hover-parent:hover,  .stk-hover-parent.stk--is-hovered) .stk-b3b0a12 .stk-button:after{background:transparent !important;opacity:1 !important;}.stk-b3b0a12 .stk-button:before{border-style:solid !important;}<\/style><a class=\"stk-link stk-button stk--hover-effect-scale\" href=\"https:\/\/movilconsulting.com\/index.php\/contacto\"><span class=\"stk-button__inner-text\">Optimizar mi Flota<\/span><\/a><\/div>\n<\/div><\/div>\n<\/div><\/div><\/div>\n\n\n\n<div class=\"wp-block-stackable-column stk-block-column stk-column stk-block stk-ef2de25\" data-v=\"4\" data-block-id=\"ef2de25\"><div class=\"stk-column-wrapper stk-block-column__content stk-container stk-ef2de25-container stk-hover-parent\"><div class=\"stk-block-content stk-inner-blocks stk-ef2de25-inner-blocks\">\n<div class=\"wp-block-stackable-image stk-block-image stk-block stk-59f2565\" data-block-id=\"59f2565\"><style>.stk-59f2565 .stk-img-wrapper{width:380px !important;}<\/style><figure><span class=\"stk-img-wrapper stk-image--shape-stretch\"><img loading=\"lazy\" decoding=\"async\" class=\"stk-img wp-image-1010\" src=\"https:\/\/movilconsulting.com\/wp-content\/uploads\/2026\/01\/Movilidad2.png\" width=\"380\" height=\"380\" srcset=\"https:\/\/movilconsulting.com\/wp-content\/uploads\/2026\/01\/Movilidad2.png 380w, https:\/\/movilconsulting.com\/wp-content\/uploads\/2026\/01\/Movilidad2-300x300.png 300w, https:\/\/movilconsulting.com\/wp-content\/uploads\/2026\/01\/Movilidad2-150x150.png 150w\" sizes=\"auto, (max-width: 380px) 100vw, 380px\" \/><\/span><\/figure><\/div>\n\n\n\n<div class=\"wp-block-stackable-heading stk-block-heading stk-block-heading--v2 stk-block stk-7b7db3e\" id=\"logistica-inversa-y-renovacion\" data-block-id=\"7b7db3e\"><h3 class=\"stk-block-heading__text\">Log\u00edstica Inversa y Renovaci\u00f3n<\/h3><\/div>\n\n\n\n<div class=\"wp-block-stackable-text stk-block-text stk-block stk-f0d8cee\" data-block-id=\"f0d8cee\"><p class=\"stk-block-text__text\">Gestionamos eficientemente la recogida, borrado seguro de datos y reacondicionamiento de dispositivos. Maximizamos el valor residual de sus activos tecnol\u00f3gicos al final de su ciclo de vida \u00fatil.<\/p><\/div>\n\n\n\n<div class=\"wp-block-stackable-button-group stk-block-button-group stk-block stk-1235ed0\" data-block-id=\"1235ed0\"><div class=\"stk-row stk-inner-blocks stk-block-content stk-button-group\">\n<div class=\"wp-block-stackable-button stk-block-button is-style-ghost stk-block stk-888951a\" data-block-id=\"888951a\"><style>.stk-888951a .stk-button{background:transparent !important;}.stk-888951a .stk-button:hover:after{background:transparent !important;opacity:1 !important;}:where(.stk-hover-parent:hover,  .stk-hover-parent.stk--is-hovered) .stk-888951a .stk-button:after{background:transparent !important;opacity:1 !important;}.stk-888951a .stk-button:before{border-style:solid !important;}<\/style><a class=\"stk-link stk-button stk--hover-effect-scale\" href=\"https:\/\/movilconsulting.com\/index.php\/contacto\"><span class=\"stk-button__inner-text\">Gestionar Retirada de Lotes<\/span><\/a><\/div>\n<\/div><\/div>\n<\/div><\/div><\/div>\n\n\n\n<div class=\"wp-block-stackable-column stk-block-column stk-column stk-block stk-edb4821\" data-v=\"4\" data-block-id=\"edb4821\"><div class=\"stk-column-wrapper stk-block-column__content stk-container stk-edb4821-container stk-hover-parent\"><div class=\"stk-block-content stk-inner-blocks stk-edb4821-inner-blocks\">\n<div class=\"wp-block-stackable-image stk-block-image stk-block stk-796e8e4\" data-block-id=\"796e8e4\"><style>.stk-796e8e4 .stk-img-wrapper{width:380px !important;}<\/style><figure><span class=\"stk-img-wrapper stk-image--shape-stretch\"><img loading=\"lazy\" decoding=\"async\" class=\"stk-img wp-image-1011\" src=\"https:\/\/movilconsulting.com\/wp-content\/uploads\/2026\/01\/Movilidad3.png\" width=\"380\" height=\"380\" srcset=\"https:\/\/movilconsulting.com\/wp-content\/uploads\/2026\/01\/Movilidad3.png 380w, https:\/\/movilconsulting.com\/wp-content\/uploads\/2026\/01\/Movilidad3-300x300.png 300w, https:\/\/movilconsulting.com\/wp-content\/uploads\/2026\/01\/Movilidad3-150x150.png 150w\" sizes=\"auto, (max-width: 380px) 100vw, 380px\" \/><\/span><\/figure><\/div>\n\n\n\n<div class=\"wp-block-stackable-heading stk-block-heading stk-block-heading--v2 stk-block stk-ebb4a7e\" id=\"soporte-post-venta-y-sustitucion\" data-block-id=\"ebb4a7e\"><h3 class=\"stk-block-heading__text\">Soporte Post-Venta y Sustituci\u00f3n<\/h3><\/div>\n\n\n\n<div class=\"wp-block-stackable-text stk-block-text stk-block stk-f1c23d7\" data-block-id=\"f1c23d7\"><p class=\"stk-block-text__text\">Garantizamos la continuidad operativa de su equipo. Ofrecemos servicio de sustituci\u00f3n r\u00e1pida, reparaciones y atenci\u00f3n t\u00e9cnica especializada para los usuarios de sus dispositivos m\u00f3viles.<\/p><\/div>\n\n\n\n<div class=\"wp-block-stackable-button-group stk-block-button-group stk-block stk-ac66a52\" data-block-id=\"ac66a52\"><div class=\"stk-row stk-inner-blocks stk-block-content stk-button-group\">\n<div class=\"wp-block-stackable-button stk-block-button is-style-ghost stk-block stk-c98fb60\" data-block-id=\"c98fb60\"><style>.stk-c98fb60 .stk-button{background:transparent !important;}.stk-c98fb60 .stk-button:hover:after{background:transparent !important;opacity:1 !important;}:where(.stk-hover-parent:hover,  .stk-hover-parent.stk--is-hovered) .stk-c98fb60 .stk-button:after{background:transparent !important;opacity:1 !important;}.stk-c98fb60 .stk-button:before{border-style:solid !important;}<\/style><a class=\"stk-link stk-button stk--hover-effect-scale\" href=\"https:\/\/movilconsulting.com\/index.php\/contacto\"><span class=\"stk-button__inner-text\">Consultar Planes de Soporte<\/span><\/a><\/div>\n<\/div><\/div>\n<\/div><\/div><\/div>\n<\/div><\/div>\n\n\n\n<p><\/p>\n\n\n\n<div class=\"wp-block-stackable-columns alignfull stk-block-columns stk-block stk-4d5e97a\" data-block-id=\"4d5e97a\"><style>.stk-4d5e97a {margin-top:var(--stk--preset--spacing--70, 3.38rem) !important;margin-bottom:var(--stk--preset--spacing--70, 3.38rem) !important;}<\/style><div class=\"stk-row stk-inner-blocks stk-block-content stk-content-align stk-4d5e97a-column alignwide\">\n<div class=\"wp-block-stackable-column stk-block-column stk-column stk-block stk-0c800b2 stk-block-background stk--has-background-overlay\" data-v=\"4\" data-block-id=\"0c800b2\"><style>.stk-0c800b2-inner-blocks{justify-content:center !important;align-items:center !important;flex-wrap:wrap !important;align-content:center !important;}.stk-0c800b2 {background-image:url(https:\/\/movilconsulting.com\/wp-content\/uploads\/2026\/01\/Movilidad1-A-1.png) !important;border-style:solid !important;border-top-width:0px !important;border-bottom-width:0px !important;border-left-width:0px !important;}@media screen and (min-width:690px) and (max-width:999px){.stk-0c800b2 {flex:var(--stk-flex-grow, 1) 1 calc(50% - var(--stk-column-gap, 0px) * 1 \/ 2 ) !important;}}@media screen and (max-width:689px){.stk-0c800b2 {border-right-width:0px !important;border-bottom-width:1px !important;}}<\/style><div class=\"stk-column-wrapper stk-block-column__content stk-container stk-0c800b2-container stk--no-background stk--no-padding\"><div class=\"stk--block-horizontal-flex stk--column-flex stk-block-content stk-inner-blocks stk-0c800b2-inner-blocks\">\n<div class=\"wp-block-stackable-count-up stk-block-count-up stk-block stk-3a1ac1d\" data-block-id=\"3a1ac1d\"><style>.stk-3a1ac1d .stk-block-count-up__text{text-shadow:2px 4px 5px #00000066 !important;}<\/style><div class=\"stk-block-count-up__text\"><span style=\"color: var(--theme-palette-color-8, #ffffff);\" class=\"stk-highlight\"><strong>64000+<\/strong><\/span><\/div><\/div>\n\n\n\n<div class=\"wp-block-stackable-subtitle stk-block-subtitle stk-block stk-3a60db9\" data-block-id=\"3a60db9\"><style>.stk-3a60db9 .stk-block-subtitle__text{text-shadow:2px 4px 5px #00000066 !important;}<\/style><p class=\"stk-block-subtitle__text stk-subtitle\"><span style=\"color: #fffffe;\" class=\"stk-highlight\"><strong>Dispositivos gestionados<\/strong><\/span><\/p><\/div>\n<\/div><\/div><\/div>\n\n\n\n<div class=\"wp-block-stackable-column stk-block-column stk-column stk-block stk-66fc93e stk-block-background stk--has-background-overlay\" data-v=\"4\" data-block-id=\"66fc93e\"><style>.stk-66fc93e-inner-blocks{justify-content:center !important;align-items:center !important;flex-wrap:wrap !important;align-content:center !important;}.stk-66fc93e {background-image:url(https:\/\/movilconsulting.com\/wp-content\/uploads\/2026\/01\/Movilidad1-B.png) !important;border-style:solid !important;border-top-width:0px !important;border-bottom-width:0px !important;border-left-width:0px !important;}@media screen and (min-width:690px) and (max-width:999px){.stk-66fc93e {flex:var(--stk-flex-grow, 1) 1 calc(50% - var(--stk-column-gap, 0px) * 1 \/ 2 ) !important;}}@media screen and (max-width:999px){.stk-66fc93e {border-right-width:0px !important;}}@media screen and (max-width:689px){.stk-66fc93e {border-bottom-width:1px !important;}}<\/style><div class=\"stk-column-wrapper stk-block-column__content stk-container stk-66fc93e-container stk--no-background stk--no-padding\"><div class=\"stk--block-horizontal-flex stk--column-flex stk-block-content stk-inner-blocks stk-66fc93e-inner-blocks\">\n<div class=\"wp-block-stackable-count-up stk-block-count-up stk-block stk-cfaa83b\" data-block-id=\"cfaa83b\"><style>.stk-cfaa83b .stk-block-count-up__text{text-shadow:2px 4px 5px #00000066 !important;font-size:var(--stk--preset--font-size--x-large, 1.75rem) !important;}@media screen and (max-width:999px){.stk-cfaa83b .stk-block-count-up__text{font-size:var(--stk--preset--font-size--x-large, 1.75rem) !important;}}<\/style><div class=\"stk-block-count-up__text\"><span style=\"color: var(--theme-palette-color-8, #ffffff);\" class=\"stk-highlight\"><strong>24\/48h<\/strong><\/span><\/div><\/div>\n\n\n\n<div class=\"wp-block-stackable-subtitle stk-block-subtitle stk-block stk-8f21a49\" data-block-id=\"8f21a49\"><style>.stk-8f21a49 .stk-block-subtitle__text{text-shadow:2px 4px 5px #00000066 !important;}<\/style><p class=\"stk-block-subtitle__text stk-subtitle\"><span style=\"color: var(--theme-palette-color-8, #ffffff);\" class=\"stk-highlight\"><strong>Tiempo de Respuesta Log\u00edstica<\/strong><\/span><\/p><\/div>\n<\/div><\/div><\/div>\n\n\n\n<div class=\"wp-block-stackable-column stk-block-column stk-column stk-block stk-eb80e51 stk-block-background stk--has-background-overlay\" data-v=\"4\" data-block-id=\"eb80e51\"><style>.stk-eb80e51-inner-blocks{justify-content:center !important;align-items:center !important;flex-wrap:wrap !important;align-content:center !important;}.stk-eb80e51 {background-image:url(https:\/\/movilconsulting.com\/wp-content\/uploads\/2026\/01\/Movilidad1-C.png) !important;border-style:solid !important;border-top-width:0px !important;border-bottom-width:0px !important;border-left-width:0px !important;}@media screen and (min-width:690px) and (max-width:999px){.stk-eb80e51 {flex:var(--stk-flex-grow, 1) 1 calc(50% - var(--stk-column-gap, 0px) * 1 \/ 2 ) !important;}}@media screen and (max-width:689px){.stk-eb80e51 {border-right-width:0px !important;border-bottom-width:1px !important;}}<\/style><div class=\"stk-column-wrapper stk-block-column__content stk-container stk-eb80e51-container stk--no-background stk--no-padding\"><div class=\"stk--block-horizontal-flex stk--column-flex stk-block-content stk-inner-blocks stk-eb80e51-inner-blocks\">\n<div class=\"wp-block-stackable-count-up stk-block-count-up stk-block stk-ea937a7\" data-block-id=\"ea937a7\"><style>.stk-ea937a7 .stk-block-count-up__text{text-shadow:2px 4px 5px #00000066 !important;font-size:var(--stk--preset--font-size--x-large, 1.75rem) !important;}@media screen and (max-width:999px){.stk-ea937a7 .stk-block-count-up__text{font-size:var(--stk--preset--font-size--x-large, 1.75rem) !important;}}<\/style><div class=\"stk-block-count-up__text\"><span style=\"color: var(--theme-palette-color-8, #ffffff);\" class=\"stk-highlight\"><strong>2000+<\/strong><\/span><\/div><\/div>\n\n\n\n<div class=\"wp-block-stackable-subtitle stk-block-subtitle stk-block stk-df294c4\" data-block-id=\"df294c4\"><style>.stk-df294c4 .stk-block-subtitle__text{text-shadow:2px 4px 5px #00000066 !important;}<\/style><p class=\"stk-block-subtitle__text stk-subtitle\"><span style=\"color: var(--theme-palette-color-8, #ffffff);\" class=\"stk-highlight\"><strong>Clientes Satisfechos<\/strong><\/span><\/p><\/div>\n<\/div><\/div><\/div>\n\n\n\n<div class=\"wp-block-stackable-column stk-block-column stk-column stk-block stk-66fd9ed stk-block-background stk--has-background-overlay\" data-v=\"4\" data-block-id=\"66fd9ed\"><style>.stk-66fd9ed-inner-blocks{justify-content:center !important;align-items:center !important;flex-wrap:wrap !important;align-content:center !important;}.stk-66fd9ed {background-image:url(https:\/\/movilconsulting.com\/wp-content\/uploads\/2026\/01\/Movilidad1-D.png) !important;}@media screen and (min-width:690px) and (max-width:999px){.stk-66fd9ed {flex:var(--stk-flex-grow, 1) 1 calc(50% - var(--stk-column-gap, 0px) * 1 \/ 2 ) !important;}}<\/style><div class=\"stk-column-wrapper stk-block-column__content stk-container stk-66fd9ed-container stk--no-background stk--no-padding\"><div class=\"stk--block-horizontal-flex stk--column-flex stk-block-content stk-inner-blocks stk-66fd9ed-inner-blocks\">\n<div class=\"wp-block-stackable-count-up stk-block-count-up stk-block stk-848025d\" data-block-id=\"848025d\"><style>.stk-848025d .stk-block-count-up__text{text-shadow:2px 4px 5px #00000066 !important;font-size:var(--stk--preset--font-size--x-large, 1.75rem) !important;}@media screen and (max-width:999px){.stk-848025d .stk-block-count-up__text{font-size:var(--stk--preset--font-size--x-large, 1.75rem) !important;}}<\/style><div class=\"stk-block-count-up__text\"><span style=\"color: var(--theme-palette-color-8, #ffffff);\" class=\"stk-highlight\"><strong>100%<\/strong><\/span><\/div><\/div>\n\n\n\n<div class=\"wp-block-stackable-subtitle stk-block-subtitle stk-block stk-af83781\" data-block-id=\"af83781\"><style>.stk-af83781 .stk-block-subtitle__text{text-shadow:2px 4px 5px #00000066 !important;}<\/style><p class=\"stk-block-subtitle__text stk-subtitle\"><strong><span style=\"color: var(--theme-palette-color-8, #ffffff);\" class=\"stk-highlight\">Borrado Seguro Certificado<\/span><\/strong><\/p><\/div>\n<\/div><\/div><\/div>\n<\/div><\/div>\n\n\n\n<div class=\"wp-block-stackable-columns alignfull stk-block-columns stk-block stk-4850393 stk-block-background stk--has-background-overlay\" data-block-id=\"4850393\"><style>.stk-4850393 {background-image:url(https:\/\/movilconsulting.com\/wp-content\/uploads\/2026\/01\/stk-design-library-image-1.jpeg) !important;min-height:400px !important;align-items:center !important;padding-top:var(--stk--preset--spacing--70, 3.38rem) !important;padding-right:var(--stk--preset--spacing--70, 3.38rem) !important;padding-bottom:var(--stk--preset--spacing--70, 3.38rem) !important;padding-left:var(--stk--preset--spacing--70, 3.38rem) !important;margin-bottom:0px !important;display:flex !important;}.stk-4850393:before{background-color:#000000 !important;opacity:0.6 !important;}<\/style><div class=\"stk-row stk-inner-blocks stk-block-content stk-content-align stk-4850393-column alignwide\">\n<div class=\"wp-block-stackable-column stk-block-column stk-column stk-block stk-9f3f37d\" data-v=\"4\" data-block-id=\"9f3f37d\"><div class=\"stk-column-wrapper stk-block-column__content stk-container stk-9f3f37d-container stk--no-background stk--no-padding\"><div class=\"stk-block-content stk-inner-blocks stk-9f3f37d-inner-blocks\">\n<h2 class=\"wp-block-heading\"><span style=\"color: var(--theme-palette-color-5, #F2F2F2);\" class=\"stk-highlight\">Optimice la movilidad de su empresa hoy<\/span><\/h2>\n\n\n\n<div class=\"wp-block-stackable-heading stk-block-heading stk-block-heading--v2 stk-block stk-59cc0fa\" id=\"heading-placeholder\" data-block-id=\"59cc0fa\"><style>.stk-59cc0fa .stk-block-heading__text{color:#ffffff !important;}<\/style><h2 class=\"stk-block-heading__text has-text-color\"><strong>Libere a su equipo de la gesti\u00f3n de dispositivos y conc\u00e9ntrese en lo que realmente importa. Nosotros nos encargamos del resto.<\/strong><\/h2><\/div>\n\n\n\n<div class=\"wp-block-group has-palette-color-8-color has-text-color has-link-color wp-elements-abf2cdaf3a88608a7263c131ec2cbb2b is-content-justification-left is-nowrap is-layout-flex wp-container-core-group-is-layout-fc9f69e7 wp-block-group-is-layout-flex\">\n<div class=\"wp-block-button is-style-outline is-style-outline--2\"><a class=\"wp-block-button__link has-palette-color-8-color has-text-color has-link-color wp-element-button\" href=\"https:\/\/movilconsulting.com\/index.php\/contacto\">Solicitar Consultoria Gratuita<\/a><\/div>\n<\/div>\n<\/div><\/div><\/div>\n<\/div><\/div>\n","protected":false},"excerpt":{"rendered":"<p>Optimizamos la productividad de su equipo con soluciones completas de despliegue, configuraci\u00f3n, soporte y log\u00edstica inversa de dispositivos m\u00f3viles. Servicios de Movilidad 360\u00b0 Despliegue y Configuraci\u00f3n (MDM) Preparamos sus dispositivos para el uso corporativo. Implementamos sistemas de Mobile Device Management (MDM) para la gesti\u00f3n remota, seguridad, perfiles y aplicaciones en toda su flota m\u00f3vil. Optimizar [&hellip;]<\/p>\n","protected":false},"author":1,"featured_media":0,"parent":0,"menu_order":0,"comment_status":"closed","ping_status":"closed","template":"","meta":{"footnotes":""},"class_list":["post-74","page","type-page","status-publish","hentry"],"blocksy_meta":[],"_links":{"self":[{"href":"https:\/\/movilconsulting.com\/index.php\/wp-json\/wp\/v2\/pages\/74","targetHints":{"allow":["GET"]}}],"collection":[{"href":"https:\/\/movilconsulting.com\/index.php\/wp-json\/wp\/v2\/pages"}],"about":[{"href":"https:\/\/movilconsulting.com\/index.php\/wp-json\/wp\/v2\/types\/page"}],"author":[{"embeddable":true,"href":"https:\/\/movilconsulting.com\/index.php\/wp-json\/wp\/v2\/users\/1"}],"replies":[{"embeddable":true,"href":"https:\/\/movilconsulting.com\/index.php\/wp-json\/wp\/v2\/comments?post=74"}],"version-history":[{"count":29,"href":"https:\/\/movilconsulting.com\/index.php\/wp-json\/wp\/v2\/pages\/74\/revisions"}],"predecessor-version":[{"id":1080,"href":"https:\/\/movilconsulting.com\/index.php\/wp-json\/wp\/v2\/pages\/74\/revisions\/1080"}],"wp:attachment":[{"href":"https:\/\/movilconsulting.com\/index.php\/wp-json\/wp\/v2\/media?parent=74"}],"curies":[{"name":"wp","href":"https:\/\/api.w.org\/{rel}","templated":true}]}}