{"id":76,"date":"2026-01-27T16:44:17","date_gmt":"2026-01-27T16:44:17","guid":{"rendered":"https:\/\/movilconsulting.com\/?page_id=76"},"modified":"2026-02-03T14:22:33","modified_gmt":"2026-02-03T14:22:33","slug":"auditoria-y-ciberseguridad","status":"publish","type":"page","link":"https:\/\/movilconsulting.com\/index.php\/auditoria-y-ciberseguridad","title":{"rendered":"Seguridad Integral"},"content":{"rendered":"\n<div class=\"wp-block-stackable-columns alignfull stk-block-columns stk-block stk-64fe829 stk-block-background stk--has-background-overlay\" data-block-id=\"64fe829\"><style>.stk-64fe829 {background-image:url(https:\/\/movilconsulting.com\/wp-content\/uploads\/2026\/02\/SeguridadIntegralFondo.png) !important;min-height:400px !important;align-items:center !important;padding-top:var(--stk--preset--spacing--70, 3.38rem) !important;padding-right:var(--stk--preset--spacing--70, 3.38rem) !important;padding-bottom:var(--stk--preset--spacing--70, 3.38rem) !important;padding-left:var(--stk--preset--spacing--70, 3.38rem) !important;margin-bottom:0px !important;display:flex !important;}.stk-64fe829:before{background-color:#000000 !important;opacity:0.6 !important;}<\/style><div class=\"stk-row stk-inner-blocks stk-block-content stk-content-align stk-64fe829-column alignwide\">\n<div class=\"wp-block-stackable-column stk-block-column stk-column stk-block stk-8548747\" data-v=\"4\" data-block-id=\"8548747\"><div class=\"stk-column-wrapper stk-block-column__content stk-container stk-8548747-container stk--no-background stk--no-padding\"><div class=\"stk-block-content stk-inner-blocks stk-8548747-inner-blocks\">\n<div class=\"wp-block-stackable-heading stk-block-heading stk-block-heading--v2 stk-block stk-b4ebe43\" id=\"heading-placeholder\" data-block-id=\"b4ebe43\"><style>.stk-b4ebe43 .stk-block-heading__text{color:#ffffff !important;}<\/style><h2 class=\"stk-block-heading__text has-text-color\"><strong>Blindamos los activos de su empresa frente a amenazas externas. Soluciones inteligentes de ciberseguridad, videovigilancia y control de accesos en Bizkaia.<\/strong><\/h2><\/div>\n\n\n\n<div class=\"wp-block-group has-palette-color-8-color has-text-color has-link-color wp-elements-c86cd980dd9de9fba1c21a4807180818 is-content-justification-left is-nowrap is-layout-flex wp-container-core-group-is-layout-fc9f69e7 wp-block-group-is-layout-flex\">\n<div class=\"wp-block-button is-style-outline is-style-outline--1\"><a class=\"wp-block-button__link has-background wp-element-button\" href=\"https:\/\/movilconsulting.com\/index.php\/contacto\" style=\"background-color:#5c6eae\">Solicitar Diagn\u00f3stico de Seguridad Gratuito<\/a><\/div>\n<\/div>\n<\/div><\/div><\/div>\n<\/div><\/div>\n\n\n\n<div class=\"wp-block-stackable-text stk-block-text stk-block stk-5d0c0eb\" data-block-id=\"5d0c0eb\"><p class=\"stk-block-text__text\"><\/p><\/div>\n\n\n\n<div class=\"wp-block-stackable-feature-grid alignwide stk-block-feature-grid stk-block-columns stk-block stk-660677c is-style-default\" data-block-id=\"660677c\"><div class=\"stk-row stk-inner-blocks has-text-align-center stk-block-content stk-content-align stk-660677c-column alignwide\">\n<div class=\"wp-block-stackable-column stk-block-column stk-column stk-block stk-80c66dc\" data-v=\"4\" data-block-id=\"80c66dc\"><div class=\"stk-column-wrapper stk-block-column__content stk-container stk-80c66dc-container stk-hover-parent\"><div class=\"stk-block-content stk-inner-blocks stk-80c66dc-inner-blocks\">\n<div class=\"wp-block-stackable-image stk-block-image stk-block stk-382acf7\" data-block-id=\"382acf7\"><style>.stk-382acf7 .stk-img-wrapper{width:380px !important;}<\/style><figure><span class=\"stk-img-wrapper stk-image--shape-stretch\"><img loading=\"lazy\" decoding=\"async\" class=\"stk-img wp-image-982\" src=\"https:\/\/movilconsulting.com\/wp-content\/uploads\/2026\/01\/Seguridad1.png\" width=\"380\" height=\"380\" srcset=\"https:\/\/movilconsulting.com\/wp-content\/uploads\/2026\/01\/Seguridad1.png 380w, https:\/\/movilconsulting.com\/wp-content\/uploads\/2026\/01\/Seguridad1-300x300.png 300w, https:\/\/movilconsulting.com\/wp-content\/uploads\/2026\/01\/Seguridad1-150x150.png 150w\" sizes=\"auto, (max-width: 380px) 100vw, 380px\" \/><\/span><\/figure><\/div>\n\n\n\n<div class=\"wp-block-stackable-heading stk-block-heading stk-block-heading--v2 stk-block stk-dc63361\" id=\"ciberseguridad-proactiva\" data-block-id=\"dc63361\"><h3 class=\"stk-block-heading__text\">Ciberseguridad Proactiva<\/h3><\/div>\n\n\n\n<div class=\"wp-block-stackable-text stk-block-text stk-block stk-4c4e6df\" data-block-id=\"4c4e6df\"><p class=\"stk-block-text__text\">Protegemos su informaci\u00f3n cr\u00edtica con auditor\u00edas de sistemas, defensas contra ransomware y planes de recuperaci\u00f3n de datos. Seguridad l\u00f3gica dise\u00f1ada para que su empresa sea un b\u00fanker digital.<\/p><\/div>\n\n\n\n<div class=\"wp-block-stackable-button-group stk-block-button-group stk-block stk-a338a7b\" data-block-id=\"a338a7b\"><div class=\"stk-row stk-inner-blocks stk-block-content stk-button-group\">\n<div class=\"wp-block-stackable-button stk-block-button is-style-ghost stk-block stk-b3b0a12\" data-block-id=\"b3b0a12\"><style>.stk-b3b0a12 .stk-button{background:transparent !important;}.stk-b3b0a12 .stk-button:hover:after{background:transparent !important;opacity:1 !important;}:where(.stk-hover-parent:hover,  .stk-hover-parent.stk--is-hovered) .stk-b3b0a12 .stk-button:after{background:transparent !important;opacity:1 !important;}.stk-b3b0a12 .stk-button:before{border-style:solid !important;}<\/style><a class=\"stk-link stk-button stk--hover-effect-scale\" href=\"https:\/\/movilconsulting.com\/index.php\/contacto\"><span class=\"stk-button__inner-text\">Blindar mis Sistemas<\/span><\/a><\/div>\n<\/div><\/div>\n<\/div><\/div><\/div>\n\n\n\n<div class=\"wp-block-stackable-column stk-block-column stk-column stk-block stk-ef2de25\" data-v=\"4\" data-block-id=\"ef2de25\"><div class=\"stk-column-wrapper stk-block-column__content stk-container stk-ef2de25-container stk-hover-parent\"><div class=\"stk-block-content stk-inner-blocks stk-ef2de25-inner-blocks\">\n<div class=\"wp-block-stackable-image stk-block-image stk-block stk-59f2565\" data-block-id=\"59f2565\"><style>.stk-59f2565 .stk-img-wrapper{width:380px !important;}<\/style><figure><span class=\"stk-img-wrapper stk-image--shape-stretch\"><img loading=\"lazy\" decoding=\"async\" class=\"stk-img wp-image-983\" src=\"https:\/\/movilconsulting.com\/wp-content\/uploads\/2026\/01\/Seguridad2.png\" width=\"380\" height=\"380\" srcset=\"https:\/\/movilconsulting.com\/wp-content\/uploads\/2026\/01\/Seguridad2.png 380w, https:\/\/movilconsulting.com\/wp-content\/uploads\/2026\/01\/Seguridad2-300x300.png 300w, https:\/\/movilconsulting.com\/wp-content\/uploads\/2026\/01\/Seguridad2-150x150.png 150w\" sizes=\"auto, (max-width: 380px) 100vw, 380px\" \/><\/span><\/figure><\/div>\n\n\n\n<div class=\"wp-block-stackable-heading stk-block-heading stk-block-heading--v2 stk-block stk-7b7db3e\" id=\"videovigilancia-inteligente-cctv\" data-block-id=\"7b7db3e\"><h3 class=\"stk-block-heading__text\">Videovigilancia Inteligente (CCTV)<\/h3><\/div>\n\n\n\n<div class=\"wp-block-stackable-text stk-block-text stk-block stk-f0d8cee\" data-block-id=\"f0d8cee\"><p class=\"stk-block-text__text\">Instalaci\u00f3n de sistemas de c\u00e1maras de alta definici\u00f3n con acceso remoto y gesti\u00f3n inteligente. Supervise sus instalaciones en tiempo real desde cualquier dispositivo y lugar.<\/p><\/div>\n\n\n\n<div class=\"wp-block-stackable-button-group stk-block-button-group stk-block stk-1235ed0\" data-block-id=\"1235ed0\"><div class=\"stk-row stk-inner-blocks stk-block-content stk-button-group\">\n<div class=\"wp-block-stackable-button stk-block-button is-style-ghost stk-block stk-888951a\" data-block-id=\"888951a\"><style>.stk-888951a .stk-button{background:transparent !important;}.stk-888951a .stk-button:hover:after{background:transparent !important;opacity:1 !important;}:where(.stk-hover-parent:hover,  .stk-hover-parent.stk--is-hovered) .stk-888951a .stk-button:after{background:transparent !important;opacity:1 !important;}.stk-888951a .stk-button:before{border-style:solid !important;}<\/style><a class=\"stk-link stk-button stk--hover-effect-scale\" href=\"https:\/\/movilconsulting.com\/index.php\/contacto\"><span class=\"stk-button__inner-text\">Solicitar Plan de Vigilancia<\/span><\/a><\/div>\n<\/div><\/div>\n<\/div><\/div><\/div>\n\n\n\n<div class=\"wp-block-stackable-column stk-block-column stk-column stk-block stk-edb4821\" data-v=\"4\" data-block-id=\"edb4821\"><div class=\"stk-column-wrapper stk-block-column__content stk-container stk-edb4821-container stk-hover-parent\"><div class=\"stk-block-content stk-inner-blocks stk-edb4821-inner-blocks\">\n<div class=\"wp-block-stackable-image stk-block-image stk-block stk-796e8e4\" data-block-id=\"796e8e4\"><style>.stk-796e8e4 .stk-img-wrapper{width:380px !important;}<\/style><figure><span class=\"stk-img-wrapper stk-image--shape-stretch\"><img loading=\"lazy\" decoding=\"async\" class=\"stk-img wp-image-984\" src=\"https:\/\/movilconsulting.com\/wp-content\/uploads\/2026\/01\/Seguridad3.png\" width=\"380\" height=\"380\" srcset=\"https:\/\/movilconsulting.com\/wp-content\/uploads\/2026\/01\/Seguridad3.png 380w, https:\/\/movilconsulting.com\/wp-content\/uploads\/2026\/01\/Seguridad3-300x300.png 300w, https:\/\/movilconsulting.com\/wp-content\/uploads\/2026\/01\/Seguridad3-150x150.png 150w\" sizes=\"auto, (max-width: 380px) 100vw, 380px\" \/><\/span><\/figure><\/div>\n\n\n\n<div class=\"wp-block-stackable-heading stk-block-heading stk-block-heading--v2 stk-block stk-ebb4a7e\" id=\"control-de-accesos-y-presencia\" data-block-id=\"ebb4a7e\"><h3 class=\"stk-block-heading__text\">Control de Accesos y Presencia<\/h3><\/div>\n\n\n\n<div class=\"wp-block-stackable-text stk-block-text stk-block stk-f1c23d7\" data-block-id=\"f1c23d7\"><p class=\"stk-block-text__text\">Sistemas biom\u00e9tricos y de proximidad para garantizar que solo el personal autorizado acceda a sus instalaciones. Tecnolog\u00eda de vanguardia para la gesti\u00f3n de seguridad f\u00edsica.<\/p><\/div>\n\n\n\n<div class=\"wp-block-stackable-button-group stk-block-button-group stk-block stk-ac66a52\" data-block-id=\"ac66a52\"><div class=\"stk-row stk-inner-blocks stk-block-content stk-button-group\">\n<div class=\"wp-block-stackable-button stk-block-button is-style-ghost stk-block stk-c98fb60\" data-block-id=\"c98fb60\"><style>.stk-c98fb60 .stk-button{background:transparent !important;}.stk-c98fb60 .stk-button:hover:after{background:transparent !important;opacity:1 !important;}:where(.stk-hover-parent:hover,  .stk-hover-parent.stk--is-hovered) .stk-c98fb60 .stk-button:after{background:transparent !important;opacity:1 !important;}.stk-c98fb60 .stk-button:before{border-style:solid !important;}<\/style><a class=\"stk-link stk-button stk--hover-effect-scale\" href=\"https:\/\/movilconsulting.com\/index.php\/contacto\"><span class=\"stk-button__inner-text\">Consultar Control de Accesos<\/span><\/a><\/div>\n<\/div><\/div>\n<\/div><\/div><\/div>\n<\/div><\/div>\n\n\n\n<div class=\"wp-block-stackable-text stk-block-text stk-block stk-a8da573\" data-block-id=\"a8da573\"><p class=\"stk-block-text__text\">La seguridad no es un producto, es un proceso constante. En Movilconsulting combinamos la tecnolog\u00eda m\u00e1s avanzada en protecci\u00f3n de datos con infraestructuras de vigilancia f\u00edsica para ofrecer una cobertura total, avalada por nuestra experiencia con grandes corporaciones.<\/p><\/div>\n","protected":false},"excerpt":{"rendered":"<p>Blindamos los activos de su empresa frente a amenazas externas. Soluciones inteligentes de ciberseguridad, videovigilancia y control de accesos en Bizkaia. Ciberseguridad Proactiva Protegemos su informaci\u00f3n cr\u00edtica con auditor\u00edas de sistemas, defensas contra ransomware y planes de recuperaci\u00f3n de datos. Seguridad l\u00f3gica dise\u00f1ada para que su empresa sea un b\u00fanker digital. Blindar mis Sistemas Videovigilancia [&hellip;]<\/p>\n","protected":false},"author":1,"featured_media":0,"parent":0,"menu_order":0,"comment_status":"closed","ping_status":"closed","template":"","meta":{"footnotes":""},"class_list":["post-76","page","type-page","status-publish","hentry"],"blocksy_meta":[],"_links":{"self":[{"href":"https:\/\/movilconsulting.com\/index.php\/wp-json\/wp\/v2\/pages\/76","targetHints":{"allow":["GET"]}}],"collection":[{"href":"https:\/\/movilconsulting.com\/index.php\/wp-json\/wp\/v2\/pages"}],"about":[{"href":"https:\/\/movilconsulting.com\/index.php\/wp-json\/wp\/v2\/types\/page"}],"author":[{"embeddable":true,"href":"https:\/\/movilconsulting.com\/index.php\/wp-json\/wp\/v2\/users\/1"}],"replies":[{"embeddable":true,"href":"https:\/\/movilconsulting.com\/index.php\/wp-json\/wp\/v2\/comments?post=76"}],"version-history":[{"count":16,"href":"https:\/\/movilconsulting.com\/index.php\/wp-json\/wp\/v2\/pages\/76\/revisions"}],"predecessor-version":[{"id":1082,"href":"https:\/\/movilconsulting.com\/index.php\/wp-json\/wp\/v2\/pages\/76\/revisions\/1082"}],"wp:attachment":[{"href":"https:\/\/movilconsulting.com\/index.php\/wp-json\/wp\/v2\/media?parent=76"}],"curies":[{"name":"wp","href":"https:\/\/api.w.org\/{rel}","templated":true}]}}