{"id":78,"date":"2026-01-27T16:44:59","date_gmt":"2026-01-27T16:44:59","guid":{"rendered":"https:\/\/movilconsulting.com\/?page_id=78"},"modified":"2026-02-03T11:11:26","modified_gmt":"2026-02-03T11:11:26","slug":"equipamiento-it","status":"publish","type":"page","link":"https:\/\/movilconsulting.com\/index.php\/equipamiento-it","title":{"rendered":"Equipamiento IT"},"content":{"rendered":"\n<div class=\"wp-block-stackable-columns alignfull stk-block-columns stk-block stk-64fe829 stk-block-background stk--has-background-overlay\" data-block-id=\"64fe829\"><style>.stk-64fe829 {background-image:url(https:\/\/movilconsulting.com\/wp-content\/uploads\/2026\/02\/Gemini_Generated_Image_vrv54rvrv54rvrv5.png) !important;min-height:400px !important;align-items:center !important;padding-top:var(--stk--preset--spacing--70, 3.38rem) !important;padding-right:var(--stk--preset--spacing--70, 3.38rem) !important;padding-bottom:var(--stk--preset--spacing--70, 3.38rem) !important;padding-left:var(--stk--preset--spacing--70, 3.38rem) !important;margin-bottom:0px !important;display:flex !important;}.stk-64fe829:before{background-color:#000000 !important;opacity:0.6 !important;}<\/style><div class=\"stk-row stk-inner-blocks stk-block-content stk-content-align stk-64fe829-column alignwide\">\n<div class=\"wp-block-stackable-column stk-block-column stk-column stk-block stk-8548747\" data-v=\"4\" data-block-id=\"8548747\"><div class=\"stk-column-wrapper stk-block-column__content stk-container stk-8548747-container stk--no-background stk--no-padding\"><div class=\"stk-block-content stk-inner-blocks stk-8548747-inner-blocks\">\n<div class=\"wp-block-stackable-heading stk-block-heading stk-block-heading--v2 stk-block stk-b4ebe43\" id=\"heading-placeholder\" data-block-id=\"b4ebe43\"><style>.stk-b4ebe43 .stk-block-heading__text{color:#ffffff !important;}<\/style><h2 class=\"stk-block-heading__text has-text-color\"><strong>Suministramos el equipamiento inform\u00e1tico de las mejores marcas y el software necesario para que su operativa nunca se detenga. Soluciones a medida desde el puesto de trabajo hasta el servidor<\/strong><\/h2><\/div>\n\n\n\n<div class=\"wp-block-group has-palette-color-8-color has-text-color has-link-color wp-elements-bf7abddf876664da9a2a16ec00d20ea7 is-content-justification-left is-nowrap is-layout-flex wp-container-core-group-is-layout-fc9f69e7 wp-block-group-is-layout-flex\">\n<div class=\"wp-block-button is-style-outline is-style-outline--1\"><a class=\"wp-block-button__link has-background wp-element-button\" href=\"https:\/\/movilconsulting.com\/index.php\/contacto\" style=\"background-color:#5c6eae\">Solicitar Presupuesto de Equipamiento<\/a><\/div>\n<\/div>\n<\/div><\/div><\/div>\n<\/div><\/div>\n\n\n\n<div class=\"wp-block-stackable-text stk-block-text stk-block stk-b8715ca\" data-block-id=\"b8715ca\"><p class=\"stk-block-text__text\"><\/p><\/div>\n\n\n\n<div class=\"wp-block-stackable-text stk-block-text stk-block stk-3e87bc5\" data-block-id=\"3e87bc5\"><style>.stk-3e87bc5 {border-style:solid !important;border-top-width:0px !important;border-right-width:0px !important;border-bottom-width:0px !important;border-left-width:0px !important;opacity:1 !important;}.stk-3e87bc5 .stk-block-text__text{text-shadow:none !important;font-size:var(--stk--preset--font-size--large, 30px) !important;}@media screen and (max-width:999px){.stk-3e87bc5 .stk-block-text__text{font-size:var(--stk--preset--font-size--large, 30px) !important;}}<\/style><p class=\"stk-block-text__text has-text-align-center\">Lo que hacemos por su empresa<\/p><\/div>\n\n\n\n<div class=\"wp-block-stackable-feature-grid alignwide stk-block-feature-grid stk-block-columns stk-block stk-660677c is-style-default\" data-block-id=\"660677c\"><div class=\"stk-row stk-inner-blocks has-text-align-center stk-block-content stk-content-align stk-660677c-column alignwide\">\n<div class=\"wp-block-stackable-column stk-block-column stk-column stk-block stk-80c66dc\" data-v=\"4\" data-block-id=\"80c66dc\"><div class=\"stk-column-wrapper stk-block-column__content stk-container stk-80c66dc-container stk-hover-parent\"><div class=\"stk-block-content stk-inner-blocks stk-80c66dc-inner-blocks\">\n<div class=\"wp-block-stackable-image stk-block-image stk-block stk-382acf7\" data-block-id=\"382acf7\"><style>.stk-382acf7 .stk-img-wrapper{width:380px !important;}<\/style><figure><span class=\"stk-img-wrapper stk-image--shape-stretch\"><img loading=\"lazy\" decoding=\"async\" class=\"stk-img wp-image-1060\" src=\"https:\/\/movilconsulting.com\/wp-content\/uploads\/2026\/02\/EquipamientoIT1.png\" width=\"300\" height=\"300\" srcset=\"https:\/\/movilconsulting.com\/wp-content\/uploads\/2026\/02\/EquipamientoIT1.png 300w, https:\/\/movilconsulting.com\/wp-content\/uploads\/2026\/02\/EquipamientoIT1-150x150.png 150w\" sizes=\"auto, (max-width: 300px) 100vw, 300px\" \/><\/span><\/figure><\/div>\n\n\n\n<div class=\"wp-block-stackable-heading stk-block-heading stk-block-heading--v2 stk-block stk-dc63361\" id=\"hardware-empresarial\" data-block-id=\"dc63361\"><h3 class=\"stk-block-heading__text\">Hardware Empresarial<\/h3><\/div>\n\n\n\n<div class=\"wp-block-stackable-text stk-block-text stk-block stk-4c4e6df\" data-block-id=\"4c4e6df\"><p class=\"stk-block-text__text\">Suministro de ordenadores de sobremesa, port\u00e1tiles, tel\u00e9fonos m\u00f3viles, estaciones de trabajo (Workstations) y servidores. Trabajamos con fabricantes l\u00edderes para garantizar rendimiento y durabilidad.<\/p><\/div>\n\n\n\n<div class=\"wp-block-stackable-button-group stk-block-button-group stk-block stk-a338a7b\" data-block-id=\"a338a7b\"><div class=\"stk-row stk-inner-blocks stk-block-content stk-button-group\">\n<div class=\"wp-block-stackable-button stk-block-button is-style-ghost stk-block stk-b3b0a12\" data-block-id=\"b3b0a12\"><style>.stk-b3b0a12 .stk-button{background:transparent !important;}.stk-b3b0a12 .stk-button:hover:after{background:transparent !important;opacity:1 !important;}:where(.stk-hover-parent:hover,  .stk-hover-parent.stk--is-hovered) .stk-b3b0a12 .stk-button:after{background:transparent !important;opacity:1 !important;}.stk-b3b0a12 .stk-button:before{border-style:solid !important;}<\/style><a class=\"stk-link stk-button stk--hover-effect-scale\" href=\"https:\/\/movilconsulting.com\/index.php\/contacto\"><span class=\"stk-button__inner-text\">Consultar Suministro de Hardware<\/span><\/a><\/div>\n<\/div><\/div>\n<\/div><\/div><\/div>\n\n\n\n<div class=\"wp-block-stackable-column stk-block-column stk-column stk-block stk-ef2de25\" data-v=\"4\" data-block-id=\"ef2de25\"><div class=\"stk-column-wrapper stk-block-column__content stk-container stk-ef2de25-container stk-hover-parent\"><div class=\"stk-block-content stk-inner-blocks stk-ef2de25-inner-blocks\">\n<div class=\"wp-block-stackable-image stk-block-image stk-block stk-59f2565\" data-block-id=\"59f2565\"><style>.stk-59f2565 .stk-img-wrapper{width:380px !important;}<\/style><figure><span class=\"stk-img-wrapper stk-image--shape-stretch\"><img loading=\"lazy\" decoding=\"async\" class=\"stk-img wp-image-1061\" src=\"https:\/\/movilconsulting.com\/wp-content\/uploads\/2026\/02\/EquipamientoIT2.png\" width=\"300\" height=\"300\" srcset=\"https:\/\/movilconsulting.com\/wp-content\/uploads\/2026\/02\/EquipamientoIT2.png 300w, https:\/\/movilconsulting.com\/wp-content\/uploads\/2026\/02\/EquipamientoIT2-150x150.png 150w\" sizes=\"auto, (max-width: 300px) 100vw, 300px\" \/><\/span><\/figure><\/div>\n\n\n\n<div class=\"wp-block-stackable-heading stk-block-heading stk-block-heading--v2 stk-block stk-7b7db3e\" id=\"software-y-licencias\" data-block-id=\"7b7db3e\"><h3 class=\"stk-block-heading__text\">Software y Licencias<\/h3><\/div>\n\n\n\n<div class=\"wp-block-stackable-text stk-block-text stk-block stk-f0d8cee\" data-block-id=\"f0d8cee\"><p class=\"stk-block-text__text\">Gesti\u00f3n de licencias oficiales: Microsoft 365, sistemas operativos, suites de dise\u00f1o y soluciones antivirus corporativas. Aseguramos que su software est\u00e9 siempre actualizado y sea completamente legal.<\/p><\/div>\n\n\n\n<div class=\"wp-block-stackable-button-group stk-block-button-group stk-block stk-1235ed0\" data-block-id=\"1235ed0\"><div class=\"stk-row stk-inner-blocks stk-block-content stk-button-group\">\n<div class=\"wp-block-stackable-button stk-block-button is-style-ghost stk-block stk-888951a\" data-block-id=\"888951a\"><style>.stk-888951a .stk-button{background:transparent !important;}.stk-888951a .stk-button:hover:after{background:transparent !important;opacity:1 !important;}:where(.stk-hover-parent:hover,  .stk-hover-parent.stk--is-hovered) .stk-888951a .stk-button:after{background:transparent !important;opacity:1 !important;}.stk-888951a .stk-button:before{border-style:solid !important;}<\/style><a class=\"stk-link stk-button stk--hover-effect-scale\" href=\"https:\/\/movilconsulting.com\/index.php\/contacto\"><span class=\"stk-button__inner-text\">Consulta Instalaci\u00f3n Licencias Software<\/span><\/a><\/div>\n<\/div><\/div>\n<\/div><\/div><\/div>\n\n\n\n<div class=\"wp-block-stackable-column stk-block-column stk-column stk-block stk-edb4821\" data-v=\"4\" data-block-id=\"edb4821\"><div class=\"stk-column-wrapper stk-block-column__content stk-container stk-edb4821-container stk-hover-parent\"><div class=\"stk-block-content stk-inner-blocks stk-edb4821-inner-blocks\">\n<div class=\"wp-block-stackable-image stk-block-image stk-block stk-796e8e4\" data-block-id=\"796e8e4\"><style>.stk-796e8e4 .stk-img-wrapper{width:380px !important;}<\/style><figure><span class=\"stk-img-wrapper stk-image--shape-stretch\"><img loading=\"lazy\" decoding=\"async\" class=\"stk-img wp-image-1062\" src=\"https:\/\/movilconsulting.com\/wp-content\/uploads\/2026\/02\/EquipamientoIT3.png\" width=\"300\" height=\"300\" srcset=\"https:\/\/movilconsulting.com\/wp-content\/uploads\/2026\/02\/EquipamientoIT3.png 300w, https:\/\/movilconsulting.com\/wp-content\/uploads\/2026\/02\/EquipamientoIT3-150x150.png 150w\" sizes=\"auto, (max-width: 300px) 100vw, 300px\" \/><\/span><\/figure><\/div>\n\n\n\n<div class=\"wp-block-stackable-heading stk-block-heading stk-block-heading--v2 stk-block stk-ebb4a7e\" id=\"infraestructura-y-perifericos\" data-block-id=\"ebb4a7e\"><h3 class=\"stk-block-heading__text\">Infraestructura y Perif\u00e9ricos<\/h3><\/div>\n\n\n\n<div class=\"wp-block-stackable-text stk-block-text stk-block stk-f1c23d7\" data-block-id=\"f1c23d7\"><p class=\"stk-block-text__text\">Todo lo necesario para su ecosistema IT: sistemas de alimentaci\u00f3n ininterrumpida (SAI), soluciones de almacenamiento NAS\/SAN, monitores y conectividad avanzada.<\/p><\/div>\n\n\n\n<div class=\"wp-block-stackable-button-group stk-block-button-group stk-block stk-ac66a52\" data-block-id=\"ac66a52\"><div class=\"stk-row stk-inner-blocks stk-block-content stk-button-group\">\n<div class=\"wp-block-stackable-button stk-block-button is-style-ghost stk-block stk-c98fb60\" data-block-id=\"c98fb60\"><style>.stk-c98fb60 .stk-button{background:transparent !important;}.stk-c98fb60 .stk-button:hover:after{background:transparent !important;opacity:1 !important;}:where(.stk-hover-parent:hover,  .stk-hover-parent.stk--is-hovered) .stk-c98fb60 .stk-button:after{background:transparent !important;opacity:1 !important;}.stk-c98fb60 .stk-button:before{border-style:solid !important;}<\/style><a class=\"stk-link stk-button stk--hover-effect-scale\" href=\"https:\/\/movilconsulting.com\/index.php\/contacto\"><span class=\"stk-button__inner-text\">Equipar mi Oficina<\/span><\/a><\/div>\n<\/div><\/div>\n<\/div><\/div><\/div>\n<\/div><\/div>\n\n\n\n<div class=\"wp-block-stackable-text stk-block-text stk-block stk-04374cd\" data-block-id=\"04374cd\"><p class=\"stk-block-text__text\"><\/p><\/div>\n\n\n\n<div class=\"wp-block-stackable-columns alignfull stk-block-columns stk-block stk-4850393 stk-block-background stk--has-background-overlay\" data-block-id=\"4850393\"><style>.stk-4850393 {background-image:url(https:\/\/movilconsulting.com\/wp-content\/uploads\/2026\/01\/stk-design-library-image-1.jpeg) !important;min-height:400px !important;align-items:center !important;padding-top:var(--stk--preset--spacing--70, 3.38rem) !important;padding-right:var(--stk--preset--spacing--70, 3.38rem) !important;padding-bottom:var(--stk--preset--spacing--70, 3.38rem) !important;padding-left:var(--stk--preset--spacing--70, 3.38rem) !important;margin-bottom:0px !important;display:flex !important;}.stk-4850393:before{background-color:#000000 !important;opacity:0.6 !important;}<\/style><div class=\"stk-row stk-inner-blocks stk-block-content stk-content-align stk-4850393-column alignwide\">\n<div class=\"wp-block-stackable-column stk-block-column stk-column stk-block stk-9f3f37d\" data-v=\"4\" data-block-id=\"9f3f37d\"><div class=\"stk-column-wrapper stk-block-column__content stk-container stk-9f3f37d-container stk--no-background stk--no-padding\"><div class=\"stk-block-content stk-inner-blocks stk-9f3f37d-inner-blocks\">\n<h2 class=\"wp-block-heading\"><span style=\"color: var(--theme-palette-color-5, #F2F2F2);\" class=\"stk-highlight\">La tecnolog\u00eda que impulsa su crecimiento<\/span><\/h2>\n\n\n\n<div class=\"wp-block-stackable-heading stk-block-heading stk-block-heading--v2 stk-block stk-59cc0fa\" id=\"heading-placeholder\" data-block-id=\"59cc0fa\"><style>.stk-59cc0fa .stk-block-heading__text{color:#ffffff !important;}<\/style><h2 class=\"stk-block-heading__text has-text-color\"><strong>No se adapte a su tecnolog\u00eda, deje que la tecnolog\u00eda se adapte a sus necesidades. Cons\u00faltenos sin compromiso.<\/strong><\/h2><\/div>\n\n\n\n<div class=\"wp-block-group has-palette-color-8-color has-text-color has-link-color wp-elements-ef3f64eda8fa38b0f3e64e058f041ab9 is-content-justification-left is-nowrap is-layout-flex wp-container-core-group-is-layout-fc9f69e7 wp-block-group-is-layout-flex\">\n<div class=\"wp-block-button is-style-outline is-style-outline--2\"><a class=\"wp-block-button__link has-palette-color-8-color has-text-color has-link-color wp-element-button\" href=\"https:\/\/movilconsulting.com\/index.php\/contacto\">Hablar con un consultor IT<\/a><\/div>\n<\/div>\n<\/div><\/div><\/div>\n<\/div><\/div>\n","protected":false},"excerpt":{"rendered":"<p>Suministramos el equipamiento inform\u00e1tico de las mejores marcas y el software necesario para que su operativa nunca se detenga. Soluciones a medida desde el puesto de trabajo hasta el servidor Lo que hacemos por su empresa Hardware Empresarial Suministro de ordenadores de sobremesa, port\u00e1tiles, tel\u00e9fonos m\u00f3viles, estaciones de trabajo (Workstations) y servidores. Trabajamos con fabricantes [&hellip;]<\/p>\n","protected":false},"author":1,"featured_media":0,"parent":0,"menu_order":0,"comment_status":"closed","ping_status":"closed","template":"","meta":{"footnotes":""},"class_list":["post-78","page","type-page","status-publish","hentry"],"blocksy_meta":[],"_links":{"self":[{"href":"https:\/\/movilconsulting.com\/index.php\/wp-json\/wp\/v2\/pages\/78","targetHints":{"allow":["GET"]}}],"collection":[{"href":"https:\/\/movilconsulting.com\/index.php\/wp-json\/wp\/v2\/pages"}],"about":[{"href":"https:\/\/movilconsulting.com\/index.php\/wp-json\/wp\/v2\/types\/page"}],"author":[{"embeddable":true,"href":"https:\/\/movilconsulting.com\/index.php\/wp-json\/wp\/v2\/users\/1"}],"replies":[{"embeddable":true,"href":"https:\/\/movilconsulting.com\/index.php\/wp-json\/wp\/v2\/comments?post=78"}],"version-history":[{"count":7,"href":"https:\/\/movilconsulting.com\/index.php\/wp-json\/wp\/v2\/pages\/78\/revisions"}],"predecessor-version":[{"id":1063,"href":"https:\/\/movilconsulting.com\/index.php\/wp-json\/wp\/v2\/pages\/78\/revisions\/1063"}],"wp:attachment":[{"href":"https:\/\/movilconsulting.com\/index.php\/wp-json\/wp\/v2\/media?parent=78"}],"curies":[{"name":"wp","href":"https:\/\/api.w.org\/{rel}","templated":true}]}}